{"id":47372,"date":"2018-12-06T12:49:02","date_gmt":"2018-12-06T20:49:02","guid":{"rendered":"https:\/\/edu.oceanlegacy.ca\/acerca-de\/"},"modified":"2023-12-18T14:40:39","modified_gmt":"2023-12-18T22:40:39","slug":"acerca-de","status":"publish","type":"page","link":"https:\/\/edu.oceanlegacy.ca\/es\/acerca-de\/","title":{"rendered":"Acerca de"},"content":{"rendered":"\t\t<div data-elementor-type=\"wp-post\" data-elementor-id=\"47372\" class=\"elementor elementor-47372 elementor-158\" data-elementor-post-type=\"page\">\n\t\t\t\t\t\t<section class=\"elementor-section elementor-top-section elementor-element elementor-element-9690a79 elementor-section-boxed elementor-section-height-default elementor-section-height-default\" data-id=\"9690a79\" data-element_type=\"section\" data-e-type=\"section\" data-settings=\"{&quot;background_background&quot;:&quot;classic&quot;}\">\n\t\t\t\t\t\t\t<div class=\"elementor-background-overlay\"><\/div>\n\t\t\t\t\t\t\t<div class=\"elementor-container elementor-column-gap-default\">\n\t\t\t\t\t<div class=\"elementor-column elementor-col-100 elementor-top-column elementor-element elementor-element-69d31e9\" data-id=\"69d31e9\" data-element_type=\"column\" data-e-type=\"column\" data-settings=\"{&quot;background_background&quot;:&quot;gradient&quot;}\">\n\t\t\t<div class=\"elementor-widget-wrap elementor-element-populated\">\n\t\t\t\t\t\t<div class=\"elementor-element elementor-element-b3f3576 elementor-widget elementor-widget-image-box\" data-id=\"b3f3576\" data-element_type=\"widget\" data-e-type=\"widget\" data-widget_type=\"image-box.default\">\n\t\t\t\t<div class=\"elementor-widget-container\">\n\t\t\t\t\t<div class=\"elementor-image-box-wrapper\"><div class=\"elementor-image-box-content\"><h1 class=\"elementor-image-box-title\">Qui\u00e9nes somos<\/h1><p class=\"elementor-image-box-description\"><a href=\"https:\/\/oceanlegacy.ca\" target=\"_blank\" rel=\"noopener\">\n  <strong>La Ocean Legacy Foundation (OLF)<\/strong>\n<\/a> es una organizaci\u00f3n sin \u00e1nimo de lucro con sede en Canad\u00e1 que se fund\u00f3 en 2013 con el objetivo de acabar con los residuos pl\u00e1sticos de los oc\u00e9anos.<\/p><\/div><\/div>\t\t\t\t<\/div>\n\t\t\t\t<\/div>\n\t\t\t\t\t<\/div>\n\t\t<\/div>\n\t\t\t\t\t<\/div>\n\t\t<\/section>\n\t\t\t\t<section class=\"elementor-section elementor-top-section elementor-element elementor-element-956eb93 elementor-section-content-middle elementor-section-boxed elementor-section-height-default elementor-section-height-default\" data-id=\"956eb93\" data-element_type=\"section\" data-e-type=\"section\" data-settings=\"{&quot;background_background&quot;:&quot;classic&quot;}\">\n\t\t\t\t\t\t<div class=\"elementor-container elementor-column-gap-default\">\n\t\t\t\t\t<div class=\"elementor-column elementor-col-50 elementor-top-column elementor-element elementor-element-d72c8c8\" data-id=\"d72c8c8\" data-element_type=\"column\" data-e-type=\"column\" data-settings=\"{&quot;background_background&quot;:&quot;classic&quot;}\">\n\t\t\t<div class=\"elementor-widget-wrap elementor-element-populated\">\n\t\t\t\t\t\t<div class=\"elementor-element elementor-element-1ee72fb elementor-vertical-align-top elementor-widget elementor-widget-image-box\" data-id=\"1ee72fb\" data-element_type=\"widget\" data-e-type=\"widget\" data-widget_type=\"image-box.default\">\n\t\t\t\t<div class=\"elementor-widget-container\">\n\t\t\t\t\t<div class=\"elementor-image-box-wrapper\"><div class=\"elementor-image-box-content\"><h2 class=\"elementor-image-box-title\">Qui\u00e9nes somos<\/h2><p class=\"elementor-image-box-description\">Organizaci\u00f3n sin \u00e1nimo de lucro y empresa social con sede en Vancouver, Columbia Brit\u00e1nica, Canad\u00e1.<\/p><\/div><\/div>\t\t\t\t<\/div>\n\t\t\t\t<\/div>\n\t\t\t\t<div class=\"elementor-element elementor-element-3c4b297 elementor-widget elementor-widget-text-editor\" data-id=\"3c4b297\" data-element_type=\"widget\" data-e-type=\"widget\" data-widget_type=\"text-editor.default\">\n\t\t\t\t<div class=\"elementor-widget-container\">\n\t\t\t\t\t\t\t\t\t<p>Con el apoyo de una junta directiva, un comit\u00e9 asesor t\u00e9cnico y cientos de voluntarios en todo el mundo.<\/p>\n\t\t\t\t\t\t\t\t<\/div>\n\t\t\t\t<\/div>\n\t\t\t\t<div class=\"elementor-element elementor-element-bba7828 elementor-widget elementor-widget-text-editor\" data-id=\"bba7828\" data-element_type=\"widget\" data-e-type=\"widget\" data-widget_type=\"text-editor.default\">\n\t\t\t\t<div class=\"elementor-widget-container\">\n\t\t\t\t\t\t\t\t\t<p>L\u00edder en el programa Marine Debris Solutions\u2122 que aborda el problema de los pl\u00e1sticos oce\u00e1nicos en colaboraci\u00f3n con otras organizaciones comunitarias sin \u00e1nimo de lucro, el gobierno, la industria y las comunidades ind\u00edgenas costeras.<\/p>\n\t\t\t\t\t\t\t\t<\/div>\n\t\t\t\t<\/div>\n\t\t\t\t\t<\/div>\n\t\t<\/div>\n\t\t\t\t<div class=\"elementor-column elementor-col-50 elementor-top-column elementor-element elementor-element-5d13a88\" data-id=\"5d13a88\" data-element_type=\"column\" data-e-type=\"column\">\n\t\t\t<div class=\"elementor-widget-wrap elementor-element-populated\">\n\t\t\t\t\t\t<div class=\"elementor-element elementor-element-84f7d9b elementor-widget elementor-widget-image\" data-id=\"84f7d9b\" data-element_type=\"widget\" data-e-type=\"widget\" data-widget_type=\"image.default\">\n\t\t\t\t<div class=\"elementor-widget-container\">\n\t\t\t\t\t\t\t\t\t\t\t\t\t\t\t<img decoding=\"async\" width=\"1920\" height=\"1736\" data-src=\"https:\/\/edu.oceanlegacy.ca\/wp-content\/uploads\/2021\/02\/wh-we-are.jpg\" class=\"attachment-full size-full wp-image-33913 lazyload\" alt=\"who we are\" data-srcset=\"https:\/\/edu.oceanlegacy.ca\/wp-content\/uploads\/2021\/02\/wh-we-are.jpg 1920w, https:\/\/edu.oceanlegacy.ca\/wp-content\/uploads\/2021\/02\/wh-we-are-300x271.jpg 300w, https:\/\/edu.oceanlegacy.ca\/wp-content\/uploads\/2021\/02\/wh-we-are-1024x926.jpg 1024w, https:\/\/edu.oceanlegacy.ca\/wp-content\/uploads\/2021\/02\/wh-we-are-768x694.jpg 768w, https:\/\/edu.oceanlegacy.ca\/wp-content\/uploads\/2021\/02\/wh-we-are-1536x1389.jpg 1536w, https:\/\/edu.oceanlegacy.ca\/wp-content\/uploads\/2021\/02\/wh-we-are-332x300.jpg 332w, https:\/\/edu.oceanlegacy.ca\/wp-content\/uploads\/2021\/02\/wh-we-are-80x72.jpg 80w, https:\/\/edu.oceanlegacy.ca\/wp-content\/uploads\/2021\/02\/wh-we-are-600x543.jpg 600w\" data-sizes=\"auto\" title=\"\" src=\"data:image\/svg+xml;base64,PHN2ZyB3aWR0aD0iMSIgaGVpZ2h0PSIxIiB4bWxucz0iaHR0cDovL3d3dy53My5vcmcvMjAwMC9zdmciPjwvc3ZnPg==\" style=\"--smush-placeholder-width: 1920px; --smush-placeholder-aspect-ratio: 1920\/1736;\" data-original-sizes=\"(max-width: 1920px) 100vw, 1920px\">\t\t\t\t\t\t\t\t\t\t\t\t\t\t\t<\/div>\n\t\t\t\t<\/div>\n\t\t\t\t\t<\/div>\n\t\t<\/div>\n\t\t\t\t\t<\/div>\n\t\t<\/section>\n\t\t\t\t<\/div>\n\t\t","protected":false},"excerpt":{"rendered":"<p>Qui\u00e9nes somos La Ocean Legacy Foundation (OLF) es una organizaci\u00f3n sin \u00e1nimo de lucro con sede en Canad\u00e1 que se fund\u00f3 en 2013 con el objetivo de acabar con los residuos pl\u00e1sticos de los oc\u00e9anos. Qui\u00e9nes somos Organizaci\u00f3n sin \u00e1nimo de lucro y empresa social con sede en Vancouver, Columbia Brit\u00e1nica, Canad\u00e1. Con el apoyo [&hellip;]<\/p>\n","protected":false},"author":1,"featured_media":0,"parent":0,"menu_order":0,"comment_status":"closed","ping_status":"closed","template":"","meta":{"site-sidebar-layout":"no-sidebar","site-content-layout":"page-builder","ast-site-content-layout":"default","site-content-style":"default","site-sidebar-style":"default","ast-global-header-display":"","ast-banner-title-visibility":"","ast-main-header-display":"","ast-hfb-above-header-display":"","ast-hfb-below-header-display":"","ast-hfb-mobile-header-display":"","site-post-title":"disabled","ast-breadcrumbs-content":"","ast-featured-img":"disabled","footer-sml-layout":"","ast-disable-related-posts":"","theme-transparent-header-meta":"enabled","adv-header-id-meta":"","stick-header-meta":"","header-above-stick-meta":"","header-main-stick-meta":"","header-below-stick-meta":"","astra-migrate-meta-layouts":"default","ast-page-background-enabled":"default","ast-page-background-meta":{"desktop":{"background-color":"","background-image":"","background-repeat":"repeat","background-position":"center center","background-size":"auto","background-attachment":"scroll","background-type":"","background-media":"","overlay-type":"","overlay-color":"","overlay-opacity":"","overlay-gradient":""},"tablet":{"background-color":"","background-image":"","background-repeat":"repeat","background-position":"center center","background-size":"auto","background-attachment":"scroll","background-type":"","background-media":"","overlay-type":"","overlay-color":"","overlay-opacity":"","overlay-gradient":""},"mobile":{"background-color":"","background-image":"","background-repeat":"repeat","background-position":"center center","background-size":"auto","background-attachment":"scroll","background-type":"","background-media":"","overlay-type":"","overlay-color":"","overlay-opacity":"","overlay-gradient":""}},"ast-content-background-meta":{"desktop":{"background-color":"var(--ast-global-color-5)","background-image":"","background-repeat":"repeat","background-position":"center center","background-size":"auto","background-attachment":"scroll","background-type":"","background-media":"","overlay-type":"","overlay-color":"","overlay-opacity":"","overlay-gradient":""},"tablet":{"background-color":"var(--ast-global-color-5)","background-image":"","background-repeat":"repeat","background-position":"center center","background-size":"auto","background-attachment":"scroll","background-type":"","background-media":"","overlay-type":"","overlay-color":"","overlay-opacity":"","overlay-gradient":""},"mobile":{"background-color":"var(--ast-global-color-5)","background-image":"","background-repeat":"repeat","background-position":"center center","background-size":"auto","background-attachment":"scroll","background-type":"","background-media":"","overlay-type":"","overlay-color":"","overlay-opacity":"","overlay-gradient":""}},"footnotes":""},"class_list":["post-47372","page","type-page","status-publish","hentry"],"_links":{"self":[{"href":"https:\/\/edu.oceanlegacy.ca\/es\/wp-json\/wp\/v2\/pages\/47372","targetHints":{"allow":["GET"]}}],"collection":[{"href":"https:\/\/edu.oceanlegacy.ca\/es\/wp-json\/wp\/v2\/pages"}],"about":[{"href":"https:\/\/edu.oceanlegacy.ca\/es\/wp-json\/wp\/v2\/types\/page"}],"author":[{"embeddable":true,"href":"https:\/\/edu.oceanlegacy.ca\/es\/wp-json\/wp\/v2\/users\/1"}],"replies":[{"embeddable":true,"href":"https:\/\/edu.oceanlegacy.ca\/es\/wp-json\/wp\/v2\/comments?post=47372"}],"version-history":[{"count":0,"href":"https:\/\/edu.oceanlegacy.ca\/es\/wp-json\/wp\/v2\/pages\/47372\/revisions"}],"wp:attachment":[{"href":"https:\/\/edu.oceanlegacy.ca\/es\/wp-json\/wp\/v2\/media?parent=47372"}],"curies":[{"name":"wp","href":"https:\/\/api.w.org\/{rel}","templated":true}]}}