{"id":50862,"date":"2020-11-17T18:38:31","date_gmt":"2020-11-18T02:38:31","guid":{"rendered":"https:\/\/edu.oceanlegacy.ca\/descargo-de-responsabilidad\/"},"modified":"2024-07-22T11:04:20","modified_gmt":"2024-07-22T18:04:20","slug":"descargo-de-responsabilidad","status":"publish","type":"page","link":"https:\/\/edu.oceanlegacy.ca\/es\/descargo-de-responsabilidad\/","title":{"rendered":"Descargo de responsabilidad"},"content":{"rendered":"\t\t<div data-elementor-type=\"wp-page\" data-elementor-id=\"50862\" class=\"elementor elementor-50862 elementor-25576\" data-elementor-post-type=\"page\">\n\t\t\t\t\t\t<section class=\"elementor-section elementor-top-section elementor-element elementor-element-dd0d51c elementor-section-boxed elementor-section-height-default elementor-section-height-default\" data-id=\"dd0d51c\" data-element_type=\"section\" data-e-type=\"section\">\n\t\t\t\t\t\t<div class=\"elementor-container elementor-column-gap-default\">\n\t\t\t\t\t<div class=\"elementor-column elementor-col-100 elementor-top-column elementor-element elementor-element-6fe9455\" data-id=\"6fe9455\" data-element_type=\"column\" data-e-type=\"column\">\n\t\t\t<div class=\"elementor-widget-wrap elementor-element-populated\">\n\t\t\t\t\t\t<div class=\"elementor-element elementor-element-5c0b63d elementor-widget elementor-widget-heading\" data-id=\"5c0b63d\" data-element_type=\"widget\" data-e-type=\"widget\" data-widget_type=\"heading.default\">\n\t\t\t\t<div class=\"elementor-widget-container\">\n\t\t\t\t\t<h1 class=\"elementor-heading-title elementor-size-default\"><h1 class=\"wp-block-heading\">Exenci\u00f3n de responsabilidad por uso leg\u00edtimo<\/h1><\/h1>\t\t\t\t<\/div>\n\t\t\t\t<\/div>\n\t\t\t\t<div class=\"elementor-element elementor-element-efab63c elementor-widget elementor-widget-text-editor\" data-id=\"efab63c\" data-element_type=\"widget\" data-e-type=\"widget\" data-widget_type=\"text-editor.default\">\n\t\t\t\t<div class=\"elementor-widget-container\">\n\t\t\t\t\t\t\t\t\t<p><strong>*Este sitio web de aprendizaje en l\u00ednea y todo su contenido pertinente tienen \u00fanicamente fines educativos y, seg\u00fan nuestro leal saber y entender, se utilizan de conformidad con las directrices de la Ley de pr\u00e1cticas comerciales leales\/uso leal y con las normas canadienses y estadounidenses de pr\u00e1cticas comerciales leales\/uso leal*.<\/strong><\/p>\n<hr>\n<h3> <\/h3>\n<h3 class=\"wp-block-heading\">\u00bfQu\u00e9 es el trato justo?<\/h3>\n<p><strong>El trato<a href=\"https:\/\/fair-dealing.ca\/\" target=\"_blank\" rel=\"noreferrer noopener\">justo<\/a> es para todos.<\/strong> Es probable que utilices el trato justo todos los d\u00edas sin darte cuenta, ya sea enviando por correo electr\u00f3nico un art\u00edculo de prensa a un amigo, utilizando un fragmento de una canci\u00f3n, usando una imagen protegida por derechos de autor en las redes sociales o citando pasajes de un libro al escribir un ensayo. Actividades como \u00e9stas no se consideran una infracci\u00f3n de los derechos de autor; de hecho, la posibilidad de que los usuarios hagan copias con fines espec\u00edficos forma parte integrante de la Ley canadiense de derechos de autor. <a href=\"http:\/\/laws-lois.justice.gc.ca\/eng\/acts\/c-42\/\" target=\"_blank\" rel=\"noopener\"><em>Canadiense de Derechos de Autor<\/em><\/a>.<\/p>\n<p>La <em>Ley<\/em> Canadiense de <em>Derechos de Autor<\/em> permite utilizar material de una obra protegida por derechos de autor (literatura, partituras musicales, obras audiovisuales, etc.) sin permiso cuando se cumplen determinadas condiciones. Las personas pueden utilizar el trato justo para la <strong>investigaci\u00f3n, el estudio privado, la educaci\u00f3n, la parodia, la s\u00e1tira, la cr\u00edtica, la rese\u00f1a<\/strong> y la <strong>informaci\u00f3n period\u00edstica<\/strong>. Para asegurarse de que su copia es l\u00edcita, debe tener en cuenta varios factores, como la cantidad que copia, si distribuye la copia a otras personas y si su copia puede tener un efecto perjudicial sobre las ventas potenciales de la obra original.<\/p>\n<h3 class=\"wp-block-heading\">\u00bfCu\u00e1l es la finalidad del trato justo?<\/h3>\n<p><strong>El trato justo reconoce que ciertos usos de obras protegidas por derechos de autor son beneficiosos para la sociedad<\/strong>. Al poner l\u00edmites a los casos en que los titulares de derechos de autor pueden exigir un pago, el trato justo conduce a la innovaci\u00f3n, a la creaci\u00f3n de nuevas obras y a nuevos estudios. El Tribunal Supremo de Canad\u00e1 se refiere cada vez m\u00e1s a los derechos de autor como un equilibrio entre los derechos de los usuarios y los de los titulares.<\/p>\n<p>El trato justo tiene un gran impacto positivo, incluso para:<\/p>\n<ul>\n<li><strong><em>Educadores y estudiantes de todos los niveles,<\/em><\/strong><\/li>\n<li>Profesionales creativos (periodistas, autores, cineastas, m\u00fasicos, etc.),<\/li>\n<li>Personas que desean utilizar, copiar o compartir partes de obras protegidas por derechos de autor en su vida cotidiana.<\/li>\n<\/ul>\n<h3 class=\"wp-block-heading\">Lecturas y recursos \u00fatiles:<\/h3>\n<ul>\n<li><a href=\"http:\/\/cfla-fcab.ca\/wp-content\/uploads\/2018\/02\/CFLA-FCAB_statement_fair_dealing.pdf\" target=\"_blank\" rel=\"noreferrer noopener\">Declaraci\u00f3n de posici\u00f3n sobre el trato<\/a> justo (Federaci\u00f3n Canadiense de Asociaciones de Bibliotecarios, 2018)<\/li>\n<li><a href=\"http:\/\/www.fairdealingdecisiontool.ca\/\" target=\"_blank\" rel=\"noreferrer noopener\">Herramienta de decisi\u00f3n de trato justo para profesores de K-12<\/a> (Consejo de Ministros de Educaci\u00f3n, 2018)<\/li>\n<li><a href=\"http:\/\/copyright.caut.ca\/\" target=\"_blank\" rel=\"noreferrer noopener\">Sitio web y campa\u00f1a sobre derechos de autor justos<\/a> (Asociaci\u00f3n Canadiense de Profesores Universitarios, 2018)<\/li>\n<li><a href=\"https:\/\/t.co\/Z8IQ0zq4pa\" target=\"_blank\" rel=\"noreferrer noopener\">Selecci\u00f3n de posts publicados con motivo de la Semana del Uso y Trato Justos 2018<\/a> (CARL E-lert, 2018)<\/li>\n<li><a href=\"http:\/\/www.carl-abrc.ca\/wp-content\/uploads\/2017\/09\/CARL_FD_myths_facts_EN.pdf\" target=\"_blank\" rel=\"noreferrer noopener\">Mitos y realidades del comercio justo en Canad\u00e1<\/a> (CARL, 2017)<\/li>\n<li><a href=\"http:\/\/www.carl-abrc.ca\/wp-content\/uploads\/docs\/CARL_Statement_on_Fair_Dealing_2016_EN.pdf\" target=\"_blank\" rel=\"noreferrer noopener\">Declaraci\u00f3n del CARL sobre pr\u00e1cticas comerciales leales y derechos de autor<\/a> (CARL, 2016)<\/li>\n<li><a href=\"http:\/\/www.michaelgeist.ca\/2017\/12\/faircopyrightreturns\/\" target=\"_blank\" rel=\"noreferrer noopener\">Vuelve la lucha por unos derechos de autor justos:<\/a> El <a href=\"http:\/\/www.michaelgeist.ca\/2017\/12\/faircopyrightreturns\/\" target=\"_blank\" rel=\"noreferrer noopener\">gobierno canadiense lanza una importante revisi\u00f3n de los<\/a> derechos de autor (M. Geist, 2017)<\/li>\n<li><a href=\"https:\/\/fairduty.wordpress.com\/2017\/10\/16\/how-canadian-education-really-hurts-creators\/\" target=\"_blank\" rel=\"noreferrer noopener\">C\u00f3mo la educaci\u00f3n canadiense perjudica realmente a los creadores<\/a> (M. Nair, 2017)<\/li>\n<li><a href=\"https:\/\/www.univcan.ca\/media-room\/media-releases\/copyright-protecting-fair-dealing\/\" target=\"_blank\" rel=\"noreferrer noopener\">Derechos de autor: Proteger el comercio justo<\/a> (R. Proulx, Universidades<em>Canad\u00e1\/Opciones Pol\u00edticas<\/em>, 2017)<\/li>\n<li><a href=\"http:\/\/www.hilltimes.com\/2017\/08\/14\/copyright-canadian-content\/115616\" target=\"_blank\" rel=\"noreferrer noopener\">No deber\u00edamos pagar m\u00e1s por contenidos canadienses<\/a> (G. Beasley, <em>Hill Times<\/em>, 2017)<\/li>\n<li><a href=\"https:\/\/utorontopress.com\/ca\/dynamic-fair-dealing-4\" target=\"_blank\" rel=\"noreferrer noopener\">Dynamic Fair Dealing<\/a> (ed. R. J. Coombe, D. Wershler, &amp; M. Zeilinger, U. of T. Press, 2014)<\/li>\n<\/ul>\n<h3 class=\"wp-block-heading\">Decisiones relevantes del Tribunal Supremo:<\/h3>\n<p>Alberta (Educaci\u00f3n) v. Agencia Canadiense de Licencias de Derechos de Autor (Access Copyright), [2012] 2 S.C.R. 345, 2012 SCC 37 &#8211; <a href=\"https:\/\/scc-csc.lexum.com\/scc-csc\/scc-csc\/en\/item\/9997\/index.do\" target=\"_blank\" rel=\"noopener\">ver decisi\u00f3n<\/a><\/p>\n<p>Sociedad de Compositores, Autores y Editores de M\u00fasica de Canad\u00e1 c. Bell Canada, [2012] 2 S.C.R. 326, 2012 SCC 36 &#8211; <a href=\"https:\/\/scc-csc.lexum.com\/scc-csc\/scc-csc\/en\/item\/9996\/index.do\" target=\"_blank\" rel=\"noopener\">ver sentencia<\/a><\/p>\n<p>CCH Canadian Ltd. v. Law Society of Upper Canada, [2004] 1 S.C.R. 339, 2004 SCC 13 &#8211; <a href=\"https:\/\/scc-csc.lexum.com\/scc-csc\/scc-csc\/en\/item\/2125\/index.do?r=AAAAAQATQ2FuYWRhIEV2aWRlbmNlIEFjdAE\" target=\"_blank\" rel=\"noopener\">ver decisi\u00f3n<\/a><\/p>\n<p>Th\u00e9berge contra Galerie d&#8217;Art du Petit Champlain inc., [2002] 2 S.C.R. 336, 2002 SCC 34 &#8211; <a href=\"https:\/\/scc-csc.lexum.com\/scc-csc\/scc-csc\/en\/item\/1973\/index.do\" target=\"_blank\" rel=\"noopener\">ver decisi\u00f3n<\/a><\/p>\n<p><strong><em>LOS ESTADOS UNIDOS LLAMAN A ESTO &#8220;Uso Justo&#8221;<\/em><\/strong><\/p>\n<p>Seg\u00fan el art\u00edculo 107 de la Ley de Propiedad Intelectual de 1976, se permite el &#8220;uso justo&#8221; para fines como la cr\u00edtica, el comentario, la informaci\u00f3n period\u00edstica, la ense\u00f1anza, la erudici\u00f3n, la educaci\u00f3n y la investigaci\u00f3n.<\/p>\n<p>El uso leg\u00edtimo es un uso permitido por la legislaci\u00f3n sobre derechos de autor que, de otro modo, podr\u00eda constituir una infracci\u00f3n.<\/p>\n<p><u><b><i>Definici\u00f3n de uso razonable:<\/i><\/b><\/u><\/p>\n<p><i>El uso justo es una doctrina de la ley de derechos de autor de Estados Unidos que permite el uso limitado de material protegido por derechos de autor sin necesidad de permiso de los titulares de los derechos, como comentarios, cr\u00edticas, noticias, investigaci\u00f3n, ense\u00f1anza o becas. Prev\u00e9 la cita o incorporaci\u00f3n legal, sin licencia, de material protegido por derechos de autor en la obra de otro autor, con arreglo a una prueba de sopesamiento de cuatro factores.<\/i><\/p>\n\t\t\t\t\t\t\t\t<\/div>\n\t\t\t\t<\/div>\n\t\t\t\t\t<\/div>\n\t\t<\/div>\n\t\t\t\t\t<\/div>\n\t\t<\/section>\n\t\t\t\t<\/div>\n\t\t","protected":false},"excerpt":{"rendered":"<p>Exenci\u00f3n de responsabilidad por uso leg\u00edtimo *Este sitio web de aprendizaje en l\u00ednea y todo su contenido pertinente tienen \u00fanicamente fines educativos y, seg\u00fan nuestro leal saber y entender, se utilizan de conformidad con las directrices de la Ley de pr\u00e1cticas comerciales leales\/uso leal y con las normas canadienses y estadounidenses de pr\u00e1cticas comerciales leales\/uso [&hellip;]<\/p>\n","protected":false},"author":1,"featured_media":0,"parent":0,"menu_order":0,"comment_status":"closed","ping_status":"closed","template":"","meta":{"site-sidebar-layout":"no-sidebar","site-content-layout":"page-builder","ast-site-content-layout":"full-width-container","site-content-style":"default","site-sidebar-style":"default","ast-global-header-display":"","ast-banner-title-visibility":"","ast-main-header-display":"","ast-hfb-above-header-display":"","ast-hfb-below-header-display":"","ast-hfb-mobile-header-display":"","site-post-title":"disabled","ast-breadcrumbs-content":"","ast-featured-img":"disabled","footer-sml-layout":"","ast-disable-related-posts":"","theme-transparent-header-meta":"default","adv-header-id-meta":"","stick-header-meta":"default","header-above-stick-meta":"","header-main-stick-meta":"","header-below-stick-meta":"","astra-migrate-meta-layouts":"default","ast-page-background-enabled":"default","ast-page-background-meta":{"desktop":{"background-color":"","background-image":"","background-repeat":"repeat","background-position":"center center","background-size":"auto","background-attachment":"scroll","background-type":"","background-media":"","overlay-type":"","overlay-color":"","overlay-opacity":"","overlay-gradient":""},"tablet":{"background-color":"","background-image":"","background-repeat":"repeat","background-position":"center center","background-size":"auto","background-attachment":"scroll","background-type":"","background-media":"","overlay-type":"","overlay-color":"","overlay-opacity":"","overlay-gradient":""},"mobile":{"background-color":"","background-image":"","background-repeat":"repeat","background-position":"center center","background-size":"auto","background-attachment":"scroll","background-type":"","background-media":"","overlay-type":"","overlay-color":"","overlay-opacity":"","overlay-gradient":""}},"ast-content-background-meta":{"desktop":{"background-color":"var(--ast-global-color-5)","background-image":"","background-repeat":"repeat","background-position":"center center","background-size":"auto","background-attachment":"scroll","background-type":"","background-media":"","overlay-type":"","overlay-color":"","overlay-opacity":"","overlay-gradient":""},"tablet":{"background-color":"var(--ast-global-color-5)","background-image":"","background-repeat":"repeat","background-position":"center center","background-size":"auto","background-attachment":"scroll","background-type":"","background-media":"","overlay-type":"","overlay-color":"","overlay-opacity":"","overlay-gradient":""},"mobile":{"background-color":"var(--ast-global-color-5)","background-image":"","background-repeat":"repeat","background-position":"center center","background-size":"auto","background-attachment":"scroll","background-type":"","background-media":"","overlay-type":"","overlay-color":"","overlay-opacity":"","overlay-gradient":""}},"footnotes":""},"class_list":["post-50862","page","type-page","status-publish","hentry"],"_links":{"self":[{"href":"https:\/\/edu.oceanlegacy.ca\/es\/wp-json\/wp\/v2\/pages\/50862","targetHints":{"allow":["GET"]}}],"collection":[{"href":"https:\/\/edu.oceanlegacy.ca\/es\/wp-json\/wp\/v2\/pages"}],"about":[{"href":"https:\/\/edu.oceanlegacy.ca\/es\/wp-json\/wp\/v2\/types\/page"}],"author":[{"embeddable":true,"href":"https:\/\/edu.oceanlegacy.ca\/es\/wp-json\/wp\/v2\/users\/1"}],"replies":[{"embeddable":true,"href":"https:\/\/edu.oceanlegacy.ca\/es\/wp-json\/wp\/v2\/comments?post=50862"}],"version-history":[{"count":0,"href":"https:\/\/edu.oceanlegacy.ca\/es\/wp-json\/wp\/v2\/pages\/50862\/revisions"}],"wp:attachment":[{"href":"https:\/\/edu.oceanlegacy.ca\/es\/wp-json\/wp\/v2\/media?parent=50862"}],"curies":[{"name":"wp","href":"https:\/\/api.w.org\/{rel}","templated":true}]}}