{"id":50878,"date":"2020-10-21T21:02:28","date_gmt":"2020-10-22T04:02:28","guid":{"rendered":"https:\/\/edu.oceanlegacy.ca\/politica-de-privacidad\/"},"modified":"2024-02-27T18:26:10","modified_gmt":"2024-02-28T02:26:10","slug":"politica-de-privacidad","status":"publish","type":"page","link":"https:\/\/edu.oceanlegacy.ca\/es\/politica-de-privacidad\/","title":{"rendered":"Pol\u00edtica de privacidad"},"content":{"rendered":"\t\t<div data-elementor-type=\"wp-page\" data-elementor-id=\"50878\" class=\"elementor elementor-50878 elementor-3\" data-elementor-post-type=\"page\">\n\t\t\t\t\t\t<section class=\"elementor-section elementor-top-section elementor-element elementor-element-9de317e elementor-section-boxed elementor-section-height-default elementor-section-height-default\" data-id=\"9de317e\" data-element_type=\"section\" data-e-type=\"section\">\n\t\t\t\t\t\t<div class=\"elementor-container elementor-column-gap-default\">\n\t\t\t\t\t<div class=\"elementor-column elementor-col-100 elementor-top-column elementor-element elementor-element-3fb3d73\" data-id=\"3fb3d73\" data-element_type=\"column\" data-e-type=\"column\">\n\t\t\t<div class=\"elementor-widget-wrap elementor-element-populated\">\n\t\t\t\t\t\t<div class=\"elementor-element elementor-element-19dc16f elementor-widget elementor-widget-heading\" data-id=\"19dc16f\" data-element_type=\"widget\" data-e-type=\"widget\" data-widget_type=\"heading.default\">\n\t\t\t\t<div class=\"elementor-widget-container\">\n\t\t\t\t\t<h1 class=\"elementor-heading-title elementor-size-default\">POL\u00cdTICA DE PRIVACIDAD<\/h1>\t\t\t\t<\/div>\n\t\t\t\t<\/div>\n\t\t\t\t\t<\/div>\n\t\t<\/div>\n\t\t\t\t\t<\/div>\n\t\t<\/section>\n\t\t\t\t<section class=\"elementor-section elementor-top-section elementor-element elementor-element-7779c19c elementor-section-boxed elementor-section-height-default elementor-section-height-default\" data-id=\"7779c19c\" data-element_type=\"section\" data-e-type=\"section\">\n\t\t\t\t\t\t<div class=\"elementor-container elementor-column-gap-default\">\n\t\t\t\t\t<div class=\"elementor-column elementor-col-100 elementor-top-column elementor-element elementor-element-1eb6fdb\" data-id=\"1eb6fdb\" data-element_type=\"column\" data-e-type=\"column\">\n\t\t\t<div class=\"elementor-widget-wrap elementor-element-populated\">\n\t\t\t\t\t\t<div class=\"elementor-element elementor-element-c3f1c8b elementor-widget__width-initial elementor-widget elementor-widget-text-editor\" data-id=\"c3f1c8b\" data-element_type=\"widget\" data-e-type=\"widget\" data-widget_type=\"text-editor.default\">\n\t\t\t\t<div class=\"elementor-widget-container\">\n\t\t\t\t\t\t\t\t\t<p>&nbsp;<\/p>\n<hr>\n<p><a href=\"https:\/\/oceanlegacy.ca\" target=\"_blank\" rel=\"noreferrer noopener\">Ocean Legacy<\/a> y EPIC ACADEMY (edu.oceanlegacy.ca) reconocen la importancia de la privacidad para los visitantes, estudiantes y profesores de nuestro sitio web. Esta pol\u00edtica de privacidad explica qu\u00e9 tipo de informaci\u00f3n se recoge de usted cuando visita nuestro sitio web EPIC ACADEMY y c\u00f3mo puede utilizarse dicha informaci\u00f3n. Tambi\u00e9n puede solicitar la eliminaci\u00f3n de sus datos de nuestro sitio web en el formulario que figura a continuaci\u00f3n.  <a href=\"#gdpr-delete-data\" target=\"_blank\" rel=\"noopener\">Ir al formulario.<\/a><\/p>\n<hr>\n<p class=\"documentTitle\" style=\"text-align: center;\"><strong>https:\/\/edu.oceanlegacy.ca  <br><\/strong><\/p>\n<p style=\"text-align: center;\">Tipo de sitio web: Educaci\u00f3n en l\u00ednea<br><u><b>Fecha de entrada en vigor: 1 de febrero de 2024<\/b><\/u><\/p>\n<p style=\"text-align: center;\"><u><b>&nbsp;<\/b><\/u><\/p>\n<p style=\"text-align: left;\">https:\/\/edu.oceanlegacy.ca (el &#8220;Sitio&#8221;) es propiedad y est\u00e1 gestionado por EPIC Academy by Ocean Legacy. EPIC Academy by Ocean Legacy es el responsable del tratamiento de los datos y puede ponerse en contacto con \u00e9l en:<\/p>\n<p>epicacademy@oceanlegacy.ca<\/p>\n<p style=\"text-align: left;\"><strong><u>Prop\u00f3sito<\/u><\/strong><br>El objetivo de esta pol\u00edtica de privacidad (la &#8220;Pol\u00edtica de privacidad&#8221;) es informar a los usuarios de nuestro Sitio de lo siguiente:<\/p>\n<ol start=\"1\">\n<li value=\"1\">Los datos personales que recopilaremos;<\/li>\n<li value=\"2\">Utilizaci\u00f3n de los datos recogidos;<\/li>\n<li value=\"3\">Qui\u00e9n tiene acceso a los datos recogidos;<\/li>\n<li value=\"4\">Los derechos de los usuarios del Sitio; y<\/li>\n<li value=\"5\">La pol\u00edtica de cookies del Sitio.<\/li>\n<\/ol>\n<p style=\"text-align: left;\">Esta Pol\u00edtica de Privacidad se aplica adem\u00e1s de los t\u00e9rminos y condiciones de nuestro Sitio.<\/p>\n<div>\n<p style=\"text-align: left;\"><strong><u>GDPR<\/u><\/strong><br>Para los usuarios de la Uni\u00f3n Europea, nos adherimos al Reglamento (UE) 2016\/679 del Parlamento Europeo y del Consejo, de 27 de abril de 2016, conocido como Reglamento General de Protecci\u00f3n de Datos (el &#8220;RGPD&#8221;). Para los usuarios del Reino Unido, nos adherimos al GDPR consagrado en la Ley de Protecci\u00f3n de Datos de 2018.<\/p>\n<\/div>\n<div>\n<p style=\"text-align: left;\"><strong><u>Consentimiento<\/u><\/strong><br>Al utilizar nuestro Sitio, los usuarios aceptan:<\/p>\n<ol start=\"1\">\n<li value=\"1\">Las condiciones establecidas en la presente Pol\u00edtica de Privacidad.<\/li>\n<\/ol>\n<p style=\"text-align: left;\">Cuando la base jur\u00eddica para el tratamiento de sus datos personales sea que usted ha dado su consentimiento a dicho tratamiento, podr\u00e1 retirar su consentimiento en cualquier momento. Si retira su consentimiento, esto no har\u00e1 ilegal el tratamiento que hayamos realizado antes de que retirara su consentimiento.<\/p>\n<p style=\"text-align: left;\">Puede retirar su consentimiento por Correo electr\u00f3nico del responsable de la protecci\u00f3n de datos (RPD).<\/p>\n<\/div>\n<div>\n<p style=\"text-align: left;\"><strong><u>Base jur\u00eddica del tratamiento<\/u><\/strong><br>Recopilamos y procesamos datos personales de usuarios de la UE solo cuando tenemos una base legal para hacerlo en virtud del art\u00edculo 6 del GDPR.<\/p>\n<p>Nos basamos en la siguiente base jur\u00eddica para recoger y tratar los datos personales de los usuarios de la UE:<\/p>\n<ol start=\"1\">\n<li value=\"1\">Los usuarios han dado su consentimiento al tratamiento de sus datos para uno o varios fines espec\u00edficos.<\/li>\n<\/ol>\n<\/div>\n<p style=\"text-align: left;\"><strong><u>Datos personales que recopilamos<\/u><\/strong><br>S\u00f3lo recogemos datos que nos ayudan a lograr el prop\u00f3sito establecido en esta Pol\u00edtica de Privacidad. No recopilaremos m\u00e1s datos que los que figuran a continuaci\u00f3n sin notific\u00e1rselo previamente.<\/p>\n<p style=\"text-align: left;\"><u>Datos recogidos autom\u00e1ticamente<\/u><br>Cuando visita y utiliza nuestro Sitio, podemos recopilar y almacenar autom\u00e1ticamente la siguiente informaci\u00f3n:<\/p>\n<ol start=\"1\">\n<li value=\"1\">Direcci\u00f3n IP;<\/li>\n<li value=\"2\">Ubicaci\u00f3n;<\/li>\n<li value=\"3\">Detalles de hardware y software;<\/li>\n<li value=\"4\">Enlaces pulsados; y<\/li>\n<li value=\"5\">Contenido visto.<\/li>\n<\/ol>\n<p style=\"text-align: left;\"><u>Datos recogidos de forma no autom\u00e1tica<\/u><br>Tambi\u00e9n podemos recopilar los siguientes datos cuando usted realiza determinadas funciones en nuestro Sitio:<\/p>\n<ol start=\"1\">\n<li value=\"1\">Nombre y apellidos;<\/li>\n<li value=\"2\">Fecha de nacimiento; y<\/li>\n<li value=\"3\">Direcci\u00f3n de correo electr\u00f3nico.<\/li>\n<\/ol>\n<p style=\"text-align: left;\">Estos datos pueden recopilarse utilizando los siguientes m\u00e9todos:<\/p>\n<ol start=\"1\">\n<li value=\"1\">Inscribirse en nuestro plan de estudios en l\u00ednea.<\/li>\n<\/ol>\n<p style=\"text-align: left;\"><strong><u>C\u00f3mo utilizamos los datos personales<\/u><\/strong><br>Los datos recogidos en nuestro Sitio s\u00f3lo se utilizar\u00e1n para los fines especificados en esta Pol\u00edtica de Privacidad o indicados en las p\u00e1ginas correspondientes de nuestro Sitio. No utilizaremos sus datos m\u00e1s all\u00e1 de lo que revelamos en esta Pol\u00edtica de Privacidad.<\/p>\n<p>Los datos que recopilamos autom\u00e1ticamente se utilizan para los siguientes fines:<\/p>\n<ol start=\"1\">\n<li value=\"1\">Anal\u00edtica web.<\/li>\n<\/ol>\n<p style=\"text-align: left;\">Los datos que recopilamos cuando el usuario realiza determinadas funciones pueden utilizarse para los siguientes fines:<\/p>\n<ol start=\"1\">\n<li value=\"1\">Comunicaci\u00f3n, progreso de las lecciones, logros y notificaciones..<\/li>\n<\/ol>\n<p style=\"text-align: left;\"><strong><u>Con qui\u00e9n compartimos datos personales<\/u><\/strong><br><u>Empleados<\/u><br>Podemos revelar los datos del usuario a cualquier miembro de nuestra organizaci\u00f3n que razonablemente necesite acceder a los datos del usuario para lograr los fines establecidos en esta Pol\u00edtica de Privacidad.<\/p>\n<div>\n<p style=\"text-align: left;\"><u>Otras divulgaciones<\/u><br>No venderemos ni compartiremos sus datos con terceros, salvo en los siguientes casos:<\/p>\n<ol start=\"1\">\n<li value=\"1\">Si la ley lo exige;<\/li>\n<li value=\"2\">Si es necesario para cualquier procedimiento judicial;<\/li>\n<li value=\"3\">Para probar o proteger nuestros derechos legales; y<\/li>\n<li value=\"4\">A compradores o posibles compradores de esta empresa en caso de que pretendamos venderla.<\/li>\n<\/ol>\n<p style=\"text-align: left;\">Si sigue los hiperv\u00ednculos de nuestro Sitio a otro sitio, tenga en cuenta que no somos responsables ni tenemos control sobre sus pol\u00edticas y pr\u00e1cticas de privacidad.<\/p>\n<\/div>\n<p style=\"text-align: left;\"><strong><u>Cu\u00e1nto tiempo almacenamos los datos personales<\/u><\/strong><br>Los datos de los usuarios se almacenar\u00e1n hasta que se cumpla el fin para el que fueron recogidos.<\/p>\n<p>Se le notificar\u00e1 si sus datos se conservan durante m\u00e1s tiempo.<\/p>\n<p style=\"text-align: left;\"><strong><u>C\u00f3mo protegemos sus datos personales<\/u><\/strong><br>Para proteger su seguridad, utilizamos la encriptaci\u00f3n de navegador m\u00e1s potente disponible y almacenamos todos nuestros datos en servidores en instalaciones seguras en Canad\u00e1. S\u00f3lo nuestros empleados directos pueden acceder a todos los datos. Nuestros empleados est\u00e1n sujetos a estrictos acuerdos de confidencialidad y el incumplimiento de este acuerdo conllevar\u00eda el despido del empleado y acciones legales.<\/p>\n<p>Aunque tomamos todas las precauciones razonables para garantizar la seguridad de los datos de los usuarios y su protecci\u00f3n, siempre existe el riesgo de sufrir da\u00f1os. Internet en su conjunto puede ser inseguro en ocasiones y, por tanto, no podemos garantizar la seguridad de los datos de los usuarios m\u00e1s all\u00e1 de lo razonablemente pr\u00e1ctico.<\/p>\n<p style=\"text-align: left;\"><strong><u>Sus derechos como usuario<\/u><\/strong><br>En virtud del GDPR, usted tiene los siguientes derechos:<\/p>\n<ol start=\"1\">\n<li value=\"1\">Derecho a ser informado;<\/li>\n<li value=\"2\">Derecho de acceso;<\/li>\n<li value=\"3\">Derecho de rectificaci\u00f3n;<\/li>\n<li value=\"4\">Derecho de supresi\u00f3n;<\/li>\n<li value=\"5\">Derecho a restringir el tratamiento;<\/li>\n<li value=\"6\">Derecho a la portabilidad de los datos; y<\/li>\n<li value=\"7\">Derecho de oposici\u00f3n.<\/li>\n<\/ol>\n<div>\n<p style=\"text-align: left;\"><strong><u>Ni\u00f1os<\/u><\/strong><br>La edad m\u00ednima para utilizar nuestro sitio web es de 16 a\u00f1os. No recopilamos ni utilizamos conscientemente datos personales de menores de 16 a\u00f1os. Si nos enteramos de que hemos recopilado datos personales de un menor de 16 a\u00f1os, los datos personales se eliminar\u00e1n lo antes posible. Si un menor de 16 a\u00f1os nos ha proporcionado datos personales, sus padres o tutores pueden ponerse en contacto con nuestro responsable de protecci\u00f3n de datos.<\/p>\n<\/div>\n<p style=\"text-align: left;\"><strong><u>C\u00f3mo acceder, modificar, suprimir o impugnar los datos recogidos<\/u><\/strong><br>Si desea saber si hemos recopilado sus datos personales, c\u00f3mo hemos utilizado sus datos personales, si hemos revelado sus datos personales y a qui\u00e9n hemos revelado sus datos personales, si desea que sus datos se eliminen o modifiquen de alguna manera, o si desea ejercer cualquiera de sus otros derechos en virtud del GDPR, utilice el enlace&nbsp;o p\u00f3ngase en contacto con nuestro responsable de protecci\u00f3n de datos aqu\u00ed:<\/p>\n<p>Attn: Responsable de protecci\u00f3n de datos<br><a href=\"mailto:epicacademy@oceanlegacy.ca\" target=\"_blank\" rel=\"noopener\">EMAIL<\/a><\/p>\n<p>&nbsp;<\/p>\n<div>\n<p style=\"text-align: left;\"><strong><u>Aviso Do Not Track<\/u><\/strong><br>Do Not Track (&#8220;DNT&#8221;) es una preferencia de privacidad que puede configurar en determinados navegadores web. No rastreamos a los usuarios de nuestro Sitio a lo largo del tiempo ni en sitios web de terceros y, por lo tanto, no respondemos a las se\u00f1ales DNT iniciadas por el navegador.<\/p>\n<\/div>\n<div>\n<p style=\"text-align: left;\"><strong><u>C\u00f3mo oponerse a la recogida, uso o divulgaci\u00f3n de datos<\/u><\/strong><br>Adem\u00e1s del m\u00e9todo o m\u00e9todos descritos en la secci\u00f3n <em>C\u00f3mo acceder, modificar, suprimir o impugnar los datos recogidos<\/em>, proporcionamos los siguientes m\u00e9todos espec\u00edficos de exclusi\u00f3n voluntaria para las formas de recogida, uso o divulgaci\u00f3n de sus datos personales:<\/p>\n<ol start=\"1\">\n<li value=\"1\">Puede darse de baja de determinados correos electr\u00f3nicos y notificaciones. Puede darse de baja haciendo clic en &#8220;Cancelar suscripci\u00f3n&#8221; en los correos electr\u00f3nicos o a trav\u00e9s de las preferencias de su cuenta.<\/li>\n<li value=\"2\">&nbsp;Puede darse de baja de toda la correspondencia, aunque se perder\u00eda correos electr\u00f3nicos importantes sobre su progreso o su cuenta.<br><\/li>\n<\/ol>\n<\/div>\n<div>\n<p style=\"text-align: left;\"><strong><u>Pol\u00edtica de cookies<\/u><\/strong><br>Una cookie es un peque\u00f1o archivo que un sitio web almacena en el disco duro del usuario. Su finalidad es recopilar datos relativos a los h\u00e1bitos de navegaci\u00f3n del usuario. Puede elegir que se le notifique cada vez que se transmita una cookie. Tambi\u00e9n puede optar por desactivar completamente las cookies en su navegador de Internet, pero esto puede disminuir la calidad de su experiencia de usuario.<\/p>\n<p style=\"text-align: left;\">En nuestro Sitio utilizamos los siguientes tipos de cookies:<\/p>\n<ol start=\"1\">\n<li value=\"1\"><u>Cookies funcionales<\/u><br>Las cookies funcionales se utilizan para recordar las selecciones que realiza en nuestro Sitio, de modo que sus selecciones se guarden para sus pr\u00f3ximas visitas;<\/li>\n<li value=\"2\"><u>Cookies anal\u00edticas<\/u><br>Las cookies anal\u00edticas nos permiten mejorar el dise\u00f1o y la funcionalidad de nuestro Sitio mediante la recopilaci\u00f3n de datos sobre c\u00f3mo accede a nuestro Sitio, por ejemplo, datos sobre el contenido al que accede, cu\u00e1nto tiempo permanece en nuestro Sitio, etc.; y<\/li>\n<li value=\"3\"><u>Cookies de segmentaci\u00f3n<\/u><br>Las cookies de segmentaci\u00f3n recopilan datos sobre c\u00f3mo utiliza el Sitio y sus preferencias. Esto nos permite personalizar para usted la informaci\u00f3n que ve en nuestro Sitio.<\/li>\n<\/ol>\n<\/div>\n<p style=\"text-align: left;\"><strong><u>Modificaciones<\/u><\/strong><br>Esta Pol\u00edtica de Privacidad puede ser modificada de vez en cuando para mantener el cumplimiento de la ley y para reflejar cualquier cambio en nuestro proceso de recogida de datos. Cuando modifiquemos esta Pol\u00edtica de privacidad, actualizaremos la &#8220;Fecha de entrada en vigor&#8221; en la parte superior de esta Pol\u00edtica de privacidad. Recomendamos a nuestros usuarios que revisen peri\u00f3dicamente nuestra Pol\u00edtica de Privacidad para asegurarse de que se les notifica cualquier actualizaci\u00f3n. Si es necesario, podemos notificar a los usuarios por correo electr\u00f3nico los cambios en esta Pol\u00edtica de Privacidad.<\/p>\n<p style=\"text-align: left;\"><strong><u>Quejas<\/u><\/strong><br>Si tiene alguna queja sobre c\u00f3mo procesamos sus datos personales, p\u00f3ngase en contacto con nosotros a trav\u00e9s de los m\u00e9todos de contacto que figuran en la secci\u00f3n <em>Informaci\u00f3n de contacto<\/em> para que podamos, en la medida de lo posible, resolver el problema. Si considera que no hemos resuelto su problema de forma satisfactoria, puede ponerse en contacto con una autoridad de control. Tambi\u00e9n tiene derecho a presentar directamente una reclamaci\u00f3n ante una autoridad de control. Puede presentar una reclamaci\u00f3n ante una autoridad de control de su pa\u00eds.<\/p>\n<p style=\"text-align: left;\"><strong><u>Informaci\u00f3n de contacto<\/u><\/strong><br>Si tiene alguna pregunta, duda o reclamaci\u00f3n, puede ponerse en contacto con nuestro responsable de protecci\u00f3n de datos en, <a href=\"mailto:epicacademy@oceanlegacy.ca\" target=\"_blank\" rel=\"noopener\">EMAIL<\/a><\/p><p style=\"text-align: left;\"><br><\/p>\n<hr>\n<p><strong><br><\/strong><\/p><p><strong>SEGURIDAD<\/strong><\/p>\n<p style=\"text-align: left;\">\n<\/p><p>Ocean Legacy ha establecido lo que consideramos procedimientos f\u00edsicos, electr\u00f3nicos y de gesti\u00f3n adecuados para salvaguardar y proteger la informaci\u00f3n que recopilamos en l\u00ednea. La informaci\u00f3n de la tarjeta de cr\u00e9dito proporcionada a Ocean Legacy para los productos est\u00e1 protegida contra el uso no autorizado mediante un cifrado de 128 bits y funciones de seguridad Secure Sockets Layer (SSL), que codifican su informaci\u00f3n personal de modo que s\u00f3lo su navegador web y el servidor de nuestro sitio web puedan descifrarla. Tampoco guardamos ning\u00fan tipo de informaci\u00f3n sobre tarjetas de cr\u00e9dito en nuestro servidor, sino que utilizamos servicios de terceros acreditados: PayPal y Stripe para recaudar las donaciones.<\/p>\n<p style=\"text-align: left;\">\n<\/p><p><strong>OPCI\u00d3N DE SALIDA<\/strong><\/p>\n<p style=\"text-align: left;\">\n<\/p><p>P\u00f3ngase en contacto con nosotros para a) corregir o actualizar cualquier informaci\u00f3n personal de la base de datos Ocean Legacy EPIC ACADEMY (edu.oceanlegacy.ca) que usted declare err\u00f3nea, b) rechazar futuras comunicaciones de Ocean Legacy o c) solicitar a Ocean Legacy que realice esfuerzos razonables para eliminar su informaci\u00f3n personal de la base de datos en l\u00ednea de Ocean Legacy. El usuario entiende que puede ser imposible eliminar por completo la informaci\u00f3n personal debido a las copias de seguridad y los registros de eliminaciones.<\/p>\n<p style=\"text-align: left;\">\n<\/p><p><strong>ACEPTACI\u00d3N DE LOS T\u00c9RMINOS DE LA POL\u00cdTICA DE PRIVACIDAD<\/strong><\/p>\n<p style=\"text-align: left;\">\n<\/p><p>Ocean Legacy y EPIC ACADEMY (edu.oceanlegacy.ca) se reservan el derecho de modificar esta pol\u00edtica. Cualquier cambio en esta pol\u00edtica se publicar\u00e1 en esta p\u00e1gina tan pronto como sea razonablemente posible, por lo que le rogamos que la consulte peri\u00f3dicamente. El uso del sitio web EPIC ACADEMY (edu.oceanlegacy.ca) constituye el consentimiento a cualquier pol\u00edtica vigente en ese momento.<\/p>\n<p style=\"text-align: left;\">\n<\/p><p>Si tiene alguna pregunta o comentario sobre nuestra pol\u00edtica de privacidad, p\u00f3ngase en contacto con nosotros a trav\u00e9s de&nbsp; EMAIL o env\u00ede una carta a:<\/p>\n<p style=\"text-align: left;\">\n<\/p><p><strong>Direcci\u00f3n postal<\/strong>:<br><strong>Apartado de correos 30082 Parkgate<br>North Vancouver, BC<br>V7H 2Y8<br><\/strong><br>La <a href=\"https:\/\/oceanlegacy.ca\" target=\"_blank\" rel=\"noopener\">Ocean Legacy Foundation<\/a> es una organizaci\u00f3n canadiense sin \u00e1nimo de lucro registrada a nivel federal con el n\u00famero de registro:&nbsp; 907885-1.<\/p>\n<p>&nbsp;<\/p>\n<hr>\t\t\t\t\t\t\t\t<\/div>\n\t\t\t\t<\/div>\n\t\t\t\t<div class=\"elementor-element elementor-element-7373c69 elementor-widget elementor-widget-text-editor\" data-id=\"7373c69\" data-element_type=\"widget\" data-e-type=\"widget\" id=\"gdpr-delete-data\" data-widget_type=\"text-editor.default\">\n\t\t\t\t<div class=\"elementor-widget-container\">\n\t\t\t\t\t\t\t\t\t<hr>\n<h2><br><strong><\/strong><\/h2><h2><strong>Formulario de solicitud de datos GDPR<\/strong><\/h2>\n<p><strong><i>SOLICITAR DATOS \/ BORRAR <u>TODOS LOS<\/u> DATOS<\/i><\/strong><\/p>\n<p><strong><span style=\"color: #ff0000;\">TENGA EN CUENTA QUE AL BORRAR SUS DATOS TAMBI\u00c9N SE BORRAN SU PROGRESO EN LAS CLASES, SUS INSIGNIAS Y SUS CERTIFICADOS. TODOS LOS REGISTROS DE TU INTERACCI\u00d3N CON EPIC ACADEMY DE OCEAN LEGACY SER\u00c1N ELIMINADOS EN SU TOTALIDAD Y NO HABR\u00c1 POSIBILIDAD DE RESTAURAR ESTOS DATOS UNA VEZ ELIMINADOS.<\/span><\/strong><\/p>\n<p>\t\t<form action=\"https:\/\/edu.oceanlegacy.ca\/wp-admin\/admin-ajax.php\" method=\"post\" id=\"gdrf-form\">\n\t\t\t<input type=\"hidden\" name=\"action\" value=\"gdrf_data_request\" \/>\n\t\t\t<input type=\"hidden\" name=\"gdrf_data_human_key\" id=\"gdrf_data_human_key\" value=\"70006\" \/>\n\t\t\t<input type=\"hidden\" name=\"gdrf_data_nonce\" id=\"gdrf_data_nonce\" value=\"0c879baa86\" \/>\n\n\t\t\t\t\t<div class=\"gdrf-field gdrf-field-action\" role=\"radiogroup\" aria-labelledby=\"gdrf-radio-label\">\n\t\t\t\t<p id=\"gdrf-radio-label\">\n\t\t\t\t\tSelecciona tu petici\u00f3n:\t\t\t\t<\/p>\n\n\t\t\t\t<input id=\"gdrf-data-type-export\" class=\"gdrf-data-type-input\" type=\"radio\" name=\"gdrf_data_type\" value=\"export_personal_data\" \/>\n\t\t\t\t<label for=\"gdrf-data-type-export\" class=\"gdrf-data-type-label\">\n\t\t\t\t\tExportar los datos personales\t\t\t\t<\/label>\n\t\t\t\t<br \/>\n\t\t\t\t<input id=\"gdrf-data-type-remove\" class=\"gdrf-data-type-input\" type=\"radio\" name=\"gdrf_data_type\" value=\"remove_personal_data\" \/>\n\t\t\t\t<label for=\"gdrf-data-type-remove\" class=\"gdrf-data-type-label\">\n\t\t\t\t\tEliminar los datos personales\t\t\t\t<\/label>\n\t\t\t<\/div>\n\t\t\n\t\t\t<p class=\"gdrf-field gdrf-field-email\">\n\t\t\t\t<label for=\"gdrf_data_email\">\n\t\t\t\t\tTu direcci\u00f3n de correo electr\u00f3nico (obligatoria)\t\t\t\t<\/label>\n\t\t\t\t<input type=\"email\" id=\"gdrf_data_email\" name=\"gdrf_data_email\" required \/>\n\t\t\t<\/p>\n\n\t\t\t<p class=\"gdrf-field gdrf-field-human\">\n\t\t\t\t<label for=\"gdrf_data_human\">\n\t\t\t\t\tVerificaci\u00f3n humana (obligatoria):\t\t\t\t\t7\u00a0+\u00a06\u00a0=\u00a0?\t\t\t\t<\/label>\n\t\t\t\t<input type=\"text\" id=\"gdrf_data_human\" name=\"gdrf_data_human\" required \/>\n\t\t\t<\/p>\n\n\t\t\t<p class=\"gdrf-field gdrf-field-submit\">\n\t\t\t\t<input id=\"gdrf-submit-button\" type=\"submit\" class=\"wp-element-button\" value=\"Enviar la solicitud\" \/>\n\t\t\t<\/p>\n\t\t<\/form>\n\t\t<\/p>\t\t\t\t\t\t\t\t<\/div>\n\t\t\t\t<\/div>\n\t\t\t\t\t<\/div>\n\t\t<\/div>\n\t\t\t\t\t<\/div>\n\t\t<\/section>\n\t\t\t\t<\/div>\n\t\t","protected":false},"excerpt":{"rendered":"<p>POL\u00cdTICA DE PRIVACIDAD &nbsp; Ocean Legacy y EPIC ACADEMY (edu.oceanlegacy.ca) reconocen la importancia de la privacidad para los visitantes, estudiantes y profesores de nuestro sitio web. Esta pol\u00edtica de privacidad explica qu\u00e9 tipo de informaci\u00f3n se recoge de usted cuando visita nuestro sitio web EPIC ACADEMY y c\u00f3mo puede utilizarse dicha informaci\u00f3n. Tambi\u00e9n puede solicitar [&hellip;]<\/p>\n","protected":false},"author":1,"featured_media":0,"parent":0,"menu_order":0,"comment_status":"closed","ping_status":"closed","template":"","meta":{"site-sidebar-layout":"default","site-content-layout":"default","ast-site-content-layout":"default","site-content-style":"default","site-sidebar-style":"default","ast-global-header-display":"","ast-banner-title-visibility":"","ast-main-header-display":"","ast-hfb-above-header-display":"","ast-hfb-below-header-display":"","ast-hfb-mobile-header-display":"","site-post-title":"","ast-breadcrumbs-content":"","ast-featured-img":"","footer-sml-layout":"","ast-disable-related-posts":"","theme-transparent-header-meta":"default","adv-header-id-meta":"","stick-header-meta":"default","header-above-stick-meta":"","header-main-stick-meta":"","header-below-stick-meta":"","astra-migrate-meta-layouts":"default","ast-page-background-enabled":"default","ast-page-background-meta":{"desktop":{"background-color":"","background-image":"","background-repeat":"repeat","background-position":"center center","background-size":"auto","background-attachment":"scroll","background-type":"","background-media":"","overlay-type":"","overlay-color":"","overlay-opacity":"","overlay-gradient":""},"tablet":{"background-color":"","background-image":"","background-repeat":"repeat","background-position":"center center","background-size":"auto","background-attachment":"scroll","background-type":"","background-media":"","overlay-type":"","overlay-color":"","overlay-opacity":"","overlay-gradient":""},"mobile":{"background-color":"","background-image":"","background-repeat":"repeat","background-position":"center center","background-size":"auto","background-attachment":"scroll","background-type":"","background-media":"","overlay-type":"","overlay-color":"","overlay-opacity":"","overlay-gradient":""}},"ast-content-background-meta":{"desktop":{"background-color":"var(--ast-global-color-5)","background-image":"","background-repeat":"repeat","background-position":"center center","background-size":"auto","background-attachment":"scroll","background-type":"","background-media":"","overlay-type":"","overlay-color":"","overlay-opacity":"","overlay-gradient":""},"tablet":{"background-color":"var(--ast-global-color-5)","background-image":"","background-repeat":"repeat","background-position":"center center","background-size":"auto","background-attachment":"scroll","background-type":"","background-media":"","overlay-type":"","overlay-color":"","overlay-opacity":"","overlay-gradient":""},"mobile":{"background-color":"var(--ast-global-color-5)","background-image":"","background-repeat":"repeat","background-position":"center center","background-size":"auto","background-attachment":"scroll","background-type":"","background-media":"","overlay-type":"","overlay-color":"","overlay-opacity":"","overlay-gradient":""}},"footnotes":""},"class_list":["post-50878","page","type-page","status-publish","hentry"],"_links":{"self":[{"href":"https:\/\/edu.oceanlegacy.ca\/es\/wp-json\/wp\/v2\/pages\/50878","targetHints":{"allow":["GET"]}}],"collection":[{"href":"https:\/\/edu.oceanlegacy.ca\/es\/wp-json\/wp\/v2\/pages"}],"about":[{"href":"https:\/\/edu.oceanlegacy.ca\/es\/wp-json\/wp\/v2\/types\/page"}],"author":[{"embeddable":true,"href":"https:\/\/edu.oceanlegacy.ca\/es\/wp-json\/wp\/v2\/users\/1"}],"replies":[{"embeddable":true,"href":"https:\/\/edu.oceanlegacy.ca\/es\/wp-json\/wp\/v2\/comments?post=50878"}],"version-history":[{"count":0,"href":"https:\/\/edu.oceanlegacy.ca\/es\/wp-json\/wp\/v2\/pages\/50878\/revisions"}],"wp:attachment":[{"href":"https:\/\/edu.oceanlegacy.ca\/es\/wp-json\/wp\/v2\/media?parent=50878"}],"curies":[{"name":"wp","href":"https:\/\/api.w.org\/{rel}","templated":true}]}}