{"id":40759,"date":"2020-11-18T18:03:27","date_gmt":"2020-11-19T02:03:27","guid":{"rendered":"https:\/\/edu.oceanlegacy.ca\/enrollment-options\/"},"modified":"2021-03-18T21:24:10","modified_gmt":"2021-03-19T04:24:10","slug":"enrollment-options","status":"publish","type":"page","link":"https:\/\/edu.oceanlegacy.ca\/fr\/enrollment-options\/","title":{"rendered":"Options d&#8217;inscription Niveau 1"},"content":{"rendered":"\t\t<div data-elementor-type=\"wp-page\" data-elementor-id=\"40759\" class=\"elementor elementor-40759\" data-elementor-post-type=\"page\">\n\t\t\t\t\t\t<section class=\"elementor-section elementor-top-section elementor-element elementor-element-495e464 elementor-section-full_width elementor-section-stretched elementor-section-height-default elementor-section-height-default\" data-id=\"495e464\" data-element_type=\"section\" data-e-type=\"section\" data-settings=\"{&quot;stretch_section&quot;:&quot;section-stretched&quot;}\">\n\t\t\t\t\t\t<div class=\"elementor-container elementor-column-gap-default\">\n\t\t\t\t\t<div class=\"elementor-column elementor-col-100 elementor-top-column elementor-element elementor-element-65c3c3f\" data-id=\"65c3c3f\" data-element_type=\"column\" data-e-type=\"column\" data-settings=\"{&quot;background_background&quot;:&quot;classic&quot;}\">\n\t\t\t<div class=\"elementor-widget-wrap elementor-element-populated\">\n\t\t\t\t\t<div class=\"elementor-background-overlay\"><\/div>\n\t\t\t\t\t\t<div class=\"elementor-element elementor-element-1ed1f20 elementor-position-top elementor-widget elementor-widget-image-box\" data-id=\"1ed1f20\" data-element_type=\"widget\" data-e-type=\"widget\" data-widget_type=\"image-box.default\">\n\t\t\t\t<div class=\"elementor-widget-container\">\n\t\t\t\t\t<div class=\"elementor-image-box-wrapper\"><figure class=\"elementor-image-box-img\"><img decoding=\"async\" width=\"512\" height=\"512\" data-src=\"https:\/\/edu.oceanlegacy.ca\/wp-content\/uploads\/2020\/12\/learning\/018-knowledge.png\" class=\"attachment-full size-full wp-image-27335 lazyload\" alt=\"d\u00e9butant\" title=\"\" data-srcset=\"https:\/\/edu.oceanlegacy.ca\/wp-content\/uploads\/2020\/12\/learning\/018-knowledge.png 512w, https:\/\/edu.oceanlegacy.ca\/wp-content\/uploads\/2020\/12\/learning\/018-knowledge-300x300.png 300w, https:\/\/edu.oceanlegacy.ca\/wp-content\/uploads\/2020\/12\/learning\/018-knowledge-150x150.png 150w, https:\/\/edu.oceanlegacy.ca\/wp-content\/uploads\/2020\/12\/learning\/018-knowledge-200x200.png 200w, https:\/\/edu.oceanlegacy.ca\/wp-content\/uploads\/2020\/12\/learning\/018-knowledge-100x100.png 100w\" data-sizes=\"auto\" src=\"data:image\/svg+xml;base64,PHN2ZyB3aWR0aD0iMSIgaGVpZ2h0PSIxIiB4bWxucz0iaHR0cDovL3d3dy53My5vcmcvMjAwMC9zdmciPjwvc3ZnPg==\" style=\"--smush-placeholder-width: 512px; --smush-placeholder-aspect-ratio: 512\/512;\" data-original-sizes=\"(max-width: 512px) 100vw, 512px\" \/><\/figure><div class=\"elementor-image-box-content\"><h2 class=\"elementor-image-box-title\">OPTIONS D'INSCRIPTION: NIVEAU 1 <br> <b> <u> INTRODUCTION AU PROBL\u00c8ME DES PLASTIQUES OCEANES <\/u> <\/b> <br> LE\u00c7ONS 101 - 105<\/h2><\/div><\/div>\t\t\t\t<\/div>\n\t\t\t\t<\/div>\n\t\t\t\t\t<\/div>\n\t\t<\/div>\n\t\t\t\t\t<\/div>\n\t\t<\/section>\n\t\t\t\t<section class=\"elementor-section elementor-top-section elementor-element elementor-element-3f26049 elementor-section-boxed elementor-section-height-default elementor-section-height-default\" data-id=\"3f26049\" data-element_type=\"section\" data-e-type=\"section\">\n\t\t\t\t\t\t<div class=\"elementor-container elementor-column-gap-default\">\n\t\t\t\t\t<div class=\"elementor-column elementor-col-50 elementor-top-column elementor-element elementor-element-b2c1201\" data-id=\"b2c1201\" data-element_type=\"column\" data-e-type=\"column\">\n\t\t\t<div class=\"elementor-widget-wrap elementor-element-populated\">\n\t\t\t\t\t\t<div class=\"elementor-element elementor-element-ffa81e0 elementor-align-center elementor-button-info elementor-widget elementor-widget-button\" data-id=\"ffa81e0\" data-element_type=\"widget\" data-e-type=\"widget\" data-widget_type=\"button.default\">\n\t\t\t\t<div class=\"elementor-widget-container\">\n\t\t\t\t\t\t\t\t\t<div class=\"elementor-button-wrapper\">\n\t\t\t\t\t<a class=\"elementor-button elementor-button-link elementor-size-sm\" href=\"https:\/\/edu.oceanlegacy.ca\/fr\/produit\/inscription-des-etudiants-a-lepic-academy-niveau-1\/\">\n\t\t\t\t\t\t<span class=\"elementor-button-content-wrapper\">\n\t\t\t\t\t\t\t\t\t<span class=\"elementor-button-text\">\u00cates-vous un \u00e9tudiant?<\/span>\n\t\t\t\t\t<\/span>\n\t\t\t\t\t<\/a>\n\t\t\t\t<\/div>\n\t\t\t\t\t\t\t\t<\/div>\n\t\t\t\t<\/div>\n\t\t\t\t\t<\/div>\n\t\t<\/div>\n\t\t\t\t<div class=\"elementor-column elementor-col-50 elementor-top-column elementor-element elementor-element-c137df4\" data-id=\"c137df4\" data-element_type=\"column\" data-e-type=\"column\">\n\t\t\t<div class=\"elementor-widget-wrap elementor-element-populated\">\n\t\t\t\t\t\t<div class=\"elementor-element elementor-element-a06681b elementor-align-center elementor-button-warning elementor-widget elementor-widget-button\" data-id=\"a06681b\" data-element_type=\"widget\" data-e-type=\"widget\" data-widget_type=\"button.default\">\n\t\t\t\t<div class=\"elementor-widget-container\">\n\t\t\t\t\t\t\t\t\t<div class=\"elementor-button-wrapper\">\n\t\t\t\t\t<a class=\"elementor-button elementor-button-link elementor-size-sm\" href=\"https:\/\/edu.oceanlegacy.ca\/fr\/produit\/inscription-des-professeurs-de-lepic-academy\/\">\n\t\t\t\t\t\t<span class=\"elementor-button-content-wrapper\">\n\t\t\t\t\t\t\t\t\t<span class=\"elementor-button-text\">\u00cates-vous un enseignant?<\/span>\n\t\t\t\t\t<\/span>\n\t\t\t\t\t<\/a>\n\t\t\t\t<\/div>\n\t\t\t\t\t\t\t\t<\/div>\n\t\t\t\t<\/div>\n\t\t\t\t\t<\/div>\n\t\t<\/div>\n\t\t\t\t\t<\/div>\n\t\t<\/section>\n\t\t\t\t<section class=\"elementor-section elementor-top-section elementor-element elementor-element-365443b elementor-section-content-middle elementor-section-boxed elementor-section-height-default elementor-section-height-default\" data-id=\"365443b\" data-element_type=\"section\" data-e-type=\"section\">\n\t\t\t\t\t\t<div class=\"elementor-container elementor-column-gap-wider\">\n\t\t\t\t\t<div class=\"elementor-column elementor-col-50 elementor-top-column elementor-element elementor-element-78e4004\" data-id=\"78e4004\" data-element_type=\"column\" data-e-type=\"column\">\n\t\t\t<div class=\"elementor-widget-wrap elementor-element-populated\">\n\t\t\t\t\t\t<div class=\"elementor-element elementor-element-5a1ba0c elementor-widget elementor-widget-heading\" data-id=\"5a1ba0c\" data-element_type=\"widget\" data-e-type=\"widget\" data-widget_type=\"heading.default\">\n\t\t\t\t<div class=\"elementor-widget-container\">\n\t\t\t\t\t<h2 class=\"elementor-heading-title elementor-size-default\">INSCRIPTION DES \u00c9TUDIANTS<\/h2>\t\t\t\t<\/div>\n\t\t\t\t<\/div>\n\t\t\t\t<div class=\"elementor-element elementor-element-01d16b2 elementor-widget elementor-widget-text-editor\" data-id=\"01d16b2\" data-element_type=\"widget\" data-e-type=\"widget\" data-widget_type=\"text-editor.default\">\n\t\t\t\t<div class=\"elementor-widget-container\">\n\t\t\t\t\t\t\t\t\tVoulez-vous vous inscrire en tant qu&#8217;\u00e9tudiant et suivre notre programme \u00e9ducatif pour apprendre vous-m\u00eame ces sujets?\t\t\t\t\t\t\t\t<\/div>\n\t\t\t\t<\/div>\n\t\t\t\t\t<\/div>\n\t\t<\/div>\n\t\t\t\t<div class=\"elementor-column elementor-col-50 elementor-top-column elementor-element elementor-element-4397397\" data-id=\"4397397\" data-element_type=\"column\" data-e-type=\"column\">\n\t\t\t<div class=\"elementor-widget-wrap elementor-element-populated\">\n\t\t\t\t\t\t<div class=\"elementor-element elementor-element-b0ad233 elementor-widget elementor-widget-heading\" data-id=\"b0ad233\" data-element_type=\"widget\" data-e-type=\"widget\" data-widget_type=\"heading.default\">\n\t\t\t\t<div class=\"elementor-widget-container\">\n\t\t\t\t\t<h2 class=\"elementor-heading-title elementor-size-default\">INSCRIPTION DES ENSEIGNANTS<\/h2>\t\t\t\t<\/div>\n\t\t\t\t<\/div>\n\t\t\t\t<div class=\"elementor-element elementor-element-39599c3 elementor-widget elementor-widget-text-editor\" data-id=\"39599c3\" data-element_type=\"widget\" data-e-type=\"widget\" data-widget_type=\"text-editor.default\">\n\t\t\t\t<div class=\"elementor-widget-container\">\n\t\t\t\t\t\t\t\t\t<p>Voulez-vous avoir acc\u00e8s au t\u00e9l\u00e9chargement de notre programme \u00e9ducatif afin d&#8217;enseigner ces sujets \u00e0 vos \u00e9l\u00e8ves en classe?<\/p>\t\t\t\t\t\t\t\t<\/div>\n\t\t\t\t<\/div>\n\t\t\t\t\t<\/div>\n\t\t<\/div>\n\t\t\t\t\t<\/div>\n\t\t<\/section>\n\t\t\t\t<\/div>\n\t\t","protected":false},"excerpt":{"rendered":"<p>OPTIONS D&#8217;INSCRIPTION: NIVEAU 1 INTRODUCTION AU PROBL\u00c8ME DES PLASTIQUES OCEANES LE\u00c7ONS 101 &#8211; 105 \u00cates-vous un \u00e9tudiant? \u00cates-vous un enseignant? INSCRIPTION DES \u00c9TUDIANTS Voulez-vous vous inscrire en tant qu&#8217;\u00e9tudiant et suivre notre programme \u00e9ducatif pour apprendre vous-m\u00eame ces sujets? INSCRIPTION DES ENSEIGNANTS Voulez-vous avoir acc\u00e8s au t\u00e9l\u00e9chargement de notre programme \u00e9ducatif afin d&#8217;enseigner ces sujets [&hellip;]<\/p>\n","protected":false},"author":1,"featured_media":0,"parent":0,"menu_order":0,"comment_status":"closed","ping_status":"closed","template":"elementor_header_footer","meta":{"site-sidebar-layout":"default","site-content-layout":"default","ast-site-content-layout":"default","site-content-style":"default","site-sidebar-style":"default","ast-global-header-display":"","ast-banner-title-visibility":"","ast-main-header-display":"","ast-hfb-above-header-display":"","ast-hfb-below-header-display":"","ast-hfb-mobile-header-display":"","site-post-title":"","ast-breadcrumbs-content":"","ast-featured-img":"","footer-sml-layout":"","ast-disable-related-posts":"","theme-transparent-header-meta":"default","adv-header-id-meta":"","stick-header-meta":"default","header-above-stick-meta":"","header-main-stick-meta":"","header-below-stick-meta":"","astra-migrate-meta-layouts":"default","ast-page-background-enabled":"default","ast-page-background-meta":{"desktop":{"background-color":"","background-image":"","background-repeat":"repeat","background-position":"center center","background-size":"auto","background-attachment":"scroll","background-type":"","background-media":"","overlay-type":"","overlay-color":"","overlay-opacity":"","overlay-gradient":""},"tablet":{"background-color":"","background-image":"","background-repeat":"repeat","background-position":"center center","background-size":"auto","background-attachment":"scroll","background-type":"","background-media":"","overlay-type":"","overlay-color":"","overlay-opacity":"","overlay-gradient":""},"mobile":{"background-color":"","background-image":"","background-repeat":"repeat","background-position":"center center","background-size":"auto","background-attachment":"scroll","background-type":"","background-media":"","overlay-type":"","overlay-color":"","overlay-opacity":"","overlay-gradient":""}},"ast-content-background-meta":{"desktop":{"background-color":"var(--ast-global-color-5)","background-image":"","background-repeat":"repeat","background-position":"center center","background-size":"auto","background-attachment":"scroll","background-type":"","background-media":"","overlay-type":"","overlay-color":"","overlay-opacity":"","overlay-gradient":""},"tablet":{"background-color":"var(--ast-global-color-5)","background-image":"","background-repeat":"repeat","background-position":"center center","background-size":"auto","background-attachment":"scroll","background-type":"","background-media":"","overlay-type":"","overlay-color":"","overlay-opacity":"","overlay-gradient":""},"mobile":{"background-color":"var(--ast-global-color-5)","background-image":"","background-repeat":"repeat","background-position":"center center","background-size":"auto","background-attachment":"scroll","background-type":"","background-media":"","overlay-type":"","overlay-color":"","overlay-opacity":"","overlay-gradient":""}},"footnotes":""},"class_list":["post-40759","page","type-page","status-publish","hentry"],"_links":{"self":[{"href":"https:\/\/edu.oceanlegacy.ca\/fr\/wp-json\/wp\/v2\/pages\/40759","targetHints":{"allow":["GET"]}}],"collection":[{"href":"https:\/\/edu.oceanlegacy.ca\/fr\/wp-json\/wp\/v2\/pages"}],"about":[{"href":"https:\/\/edu.oceanlegacy.ca\/fr\/wp-json\/wp\/v2\/types\/page"}],"author":[{"embeddable":true,"href":"https:\/\/edu.oceanlegacy.ca\/fr\/wp-json\/wp\/v2\/users\/1"}],"replies":[{"embeddable":true,"href":"https:\/\/edu.oceanlegacy.ca\/fr\/wp-json\/wp\/v2\/comments?post=40759"}],"version-history":[{"count":0,"href":"https:\/\/edu.oceanlegacy.ca\/fr\/wp-json\/wp\/v2\/pages\/40759\/revisions"}],"wp:attachment":[{"href":"https:\/\/edu.oceanlegacy.ca\/fr\/wp-json\/wp\/v2\/media?parent=40759"}],"curies":[{"name":"wp","href":"https:\/\/api.w.org\/{rel}","templated":true}]}}