{"id":50850,"date":"2021-01-24T17:22:24","date_gmt":"2021-01-25T01:22:24","guid":{"rendered":"https:\/\/edu.oceanlegacy.ca\/remerciements\/"},"modified":"2024-02-27T18:25:51","modified_gmt":"2024-02-28T02:25:51","slug":"remerciements","status":"publish","type":"page","link":"https:\/\/edu.oceanlegacy.ca\/fr\/remerciements\/","title":{"rendered":"Remerciements"},"content":{"rendered":"\t\t<div data-elementor-type=\"wp-page\" data-elementor-id=\"50850\" class=\"elementor elementor-50850 elementor-30261\" data-elementor-post-type=\"page\">\n\t\t\t\t\t\t<section class=\"elementor-section elementor-top-section elementor-element elementor-element-d1d4427 elementor-section-boxed elementor-section-height-default elementor-section-height-default\" data-id=\"d1d4427\" data-element_type=\"section\" data-e-type=\"section\" data-settings=\"{&quot;background_background&quot;:&quot;classic&quot;}\">\n\t\t\t\t\t\t\t<div class=\"elementor-background-overlay\"><\/div>\n\t\t\t\t\t\t\t<div class=\"elementor-container elementor-column-gap-default\">\n\t\t\t\t\t<div class=\"elementor-column elementor-col-100 elementor-top-column elementor-element elementor-element-fbed87b\" data-id=\"fbed87b\" data-element_type=\"column\" data-e-type=\"column\">\n\t\t\t<div class=\"elementor-widget-wrap elementor-element-populated\">\n\t\t\t\t\t\t<div class=\"elementor-element elementor-element-e18780a elementor-widget elementor-widget-image-box\" data-id=\"e18780a\" data-element_type=\"widget\" data-e-type=\"widget\" data-widget_type=\"image-box.default\">\n\t\t\t\t<div class=\"elementor-widget-container\">\n\t\t\t\t\t<div class=\"elementor-image-box-wrapper\"><div class=\"elementor-image-box-content\"><h1 class=\"elementor-image-box-title\">Remerciements<\/h1><p class=\"elementor-image-box-description\">Nous sommes reconnaissants \u00e0 ces personnes merveilleuses qui ont travaill\u00e9 dur pour mettre ce mat\u00e9riel \u00e9ducatif \u00e0 votre disposition.<\/p><\/div><\/div>\t\t\t\t<\/div>\n\t\t\t\t<\/div>\n\t\t\t\t\t<\/div>\n\t\t<\/div>\n\t\t\t\t\t<\/div>\n\t\t<\/section>\n\t\t\t\t<section class=\"elementor-section elementor-top-section elementor-element elementor-element-a5bb33a elementor-section-boxed elementor-section-height-default elementor-section-height-default\" data-id=\"a5bb33a\" data-element_type=\"section\" data-e-type=\"section\">\n\t\t\t\t\t\t<div class=\"elementor-container elementor-column-gap-default\">\n\t\t\t\t\t<div class=\"elementor-column elementor-col-100 elementor-top-column elementor-element elementor-element-bee8562\" data-id=\"bee8562\" data-element_type=\"column\" data-e-type=\"column\">\n\t\t\t<div class=\"elementor-widget-wrap elementor-element-populated\">\n\t\t\t\t\t\t<div class=\"elementor-element elementor-element-44a6094 elementor-widget elementor-widget-text-editor\" data-id=\"44a6094\" data-element_type=\"widget\" data-e-type=\"widget\" data-widget_type=\"text-editor.default\">\n\t\t\t\t<div class=\"elementor-widget-container\">\n\t\t\t\t\t\t\t\t\t<p><span style=\"font-size: 18pt;\">L&#8217;<strong>Acad\u00e9mie EPIC<\/strong> a \u00e9t\u00e9 cr\u00e9\u00e9e par la <strong>Fondation Ocean Legacy (OLF)<\/strong> pour d\u00e9velopper un programme \u00e9ducatif d&#8217;introduction \u00e0 la pollution par les plastiques dans les oc\u00e9ans. Il s&#8217;agit de l&#8217;aboutissement des outils et des connaissances acquis au cours de d\u00e9cennies d&#8217;exp\u00e9rience, afin de fournir un point de d\u00e9part \u00e0 ceux qui souhaitent contribuer \u00e0 r\u00e9soudre la crise de la pollution par les plastiques dans les oc\u00e9ans. Ce programme permet de d\u00e9couvrir les probl\u00e8mes li\u00e9s \u00e0 la pollution plastique et d&#8217;apprendre \u00e0 prendre des mesures imm\u00e9diates afin d&#8217;apporter des changements \u00e0 long terme au sein de la communaut\u00e9.  <\/span><\/p>\n<p><span style=\"font-size: 18pt;\"><b>Ocean Legacy<\/b> remercie tous ceux qui se sont mobilis\u00e9s pour faire de ce projet une r\u00e9alit\u00e9, notamment Chlo\u00e9 Dubois, chef de projet, Jodi Tomchyshyn London, Lisa Grotkowski, Martina de Marcos et Daniel Rotman, auteurs des le\u00e7ons, Shylo Love, concepteur des le\u00e7ons et d\u00e9veloppeur du site web, et Claudia Boucher, traductrice.  <\/span><\/p>\n<p><span style=\"font-size: 18pt;\">Nous continuerons \u00e0 faire \u00e9voluer ce programme dans les ann\u00e9es \u00e0 venir et nous nous r\u00e9jouissons de continuer \u00e0 cr\u00e9er des outils accessibles et pragmatiques pour parvenir \u00e0 des terres et des eaux sans plastique.<\/span><\/p>\n\t\t\t\t\t\t\t\t<\/div>\n\t\t\t\t<\/div>\n\t\t\t\t\t<\/div>\n\t\t<\/div>\n\t\t\t\t\t<\/div>\n\t\t<\/section>\n\t\t\t\t<section class=\"elementor-section elementor-top-section elementor-element elementor-element-d80c8ac elementor-section-boxed elementor-section-height-default elementor-section-height-default\" data-id=\"d80c8ac\" data-element_type=\"section\" data-e-type=\"section\">\n\t\t\t\t\t\t<div class=\"elementor-container elementor-column-gap-default\">\n\t\t\t\t\t<div class=\"elementor-column elementor-col-100 elementor-top-column elementor-element elementor-element-313591a\" data-id=\"313591a\" data-element_type=\"column\" data-e-type=\"column\">\n\t\t\t<div class=\"elementor-widget-wrap elementor-element-populated\">\n\t\t\t\t\t\t<div class=\"elementor-element elementor-element-f4f33a8 elementor-widget elementor-widget-image\" data-id=\"f4f33a8\" data-element_type=\"widget\" data-e-type=\"widget\" data-widget_type=\"image.default\">\n\t\t\t\t<div class=\"elementor-widget-container\">\n\t\t\t\t\t\t\t\t\t\t\t\t\t\t\t<img decoding=\"async\" width=\"1280\" height=\"853\" data-src=\"https:\/\/edu.oceanlegacy.ca\/wp-content\/uploads\/2021\/02\/garbage-on-the-beach-g522351364_1280.jpg\" class=\"attachment-full size-full wp-image-33921 lazyload\" alt=\"garbage-on-the-beach\" data-srcset=\"https:\/\/edu.oceanlegacy.ca\/wp-content\/uploads\/2021\/02\/garbage-on-the-beach-g522351364_1280.jpg 1280w, https:\/\/edu.oceanlegacy.ca\/wp-content\/uploads\/2021\/02\/garbage-on-the-beach-g522351364_1280-300x200.jpg 300w, https:\/\/edu.oceanlegacy.ca\/wp-content\/uploads\/2021\/02\/garbage-on-the-beach-g522351364_1280-1024x682.jpg 1024w, https:\/\/edu.oceanlegacy.ca\/wp-content\/uploads\/2021\/02\/garbage-on-the-beach-g522351364_1280-768x512.jpg 768w, https:\/\/edu.oceanlegacy.ca\/wp-content\/uploads\/2021\/02\/garbage-on-the-beach-g522351364_1280-400x267.jpg 400w, https:\/\/edu.oceanlegacy.ca\/wp-content\/uploads\/2021\/02\/garbage-on-the-beach-g522351364_1280-80x53.jpg 80w, https:\/\/edu.oceanlegacy.ca\/wp-content\/uploads\/2021\/02\/garbage-on-the-beach-g522351364_1280-600x400.jpg 600w\" data-sizes=\"auto\" title=\"\" src=\"data:image\/svg+xml;base64,PHN2ZyB3aWR0aD0iMSIgaGVpZ2h0PSIxIiB4bWxucz0iaHR0cDovL3d3dy53My5vcmcvMjAwMC9zdmciPjwvc3ZnPg==\" style=\"--smush-placeholder-width: 1280px; --smush-placeholder-aspect-ratio: 1280\/853;\" data-original-sizes=\"(max-width: 1280px) 100vw, 1280px\">\t\t\t\t\t\t\t\t\t\t\t\t\t\t\t<\/div>\n\t\t\t\t<\/div>\n\t\t\t\t\t<\/div>\n\t\t<\/div>\n\t\t\t\t\t<\/div>\n\t\t<\/section>\n\t\t\t\t<\/div>\n\t\t","protected":false},"excerpt":{"rendered":"<p>Remerciements Nous sommes reconnaissants \u00e0 ces personnes merveilleuses qui ont travaill\u00e9 dur pour mettre ce mat\u00e9riel \u00e9ducatif \u00e0 votre disposition. L&#8217;Acad\u00e9mie EPIC a \u00e9t\u00e9 cr\u00e9\u00e9e par la Fondation Ocean Legacy (OLF) pour d\u00e9velopper un programme \u00e9ducatif d&#8217;introduction \u00e0 la pollution par les plastiques dans les oc\u00e9ans. Il s&#8217;agit de l&#8217;aboutissement des outils et des connaissances [&hellip;]<\/p>\n","protected":false},"author":1,"featured_media":0,"parent":0,"menu_order":0,"comment_status":"closed","ping_status":"closed","template":"elementor_header_footer","meta":{"site-sidebar-layout":"no-sidebar","site-content-layout":"page-builder","ast-site-content-layout":"default","site-content-style":"default","site-sidebar-style":"default","ast-global-header-display":"","ast-banner-title-visibility":"","ast-main-header-display":"","ast-hfb-above-header-display":"","ast-hfb-below-header-display":"","ast-hfb-mobile-header-display":"","site-post-title":"disabled","ast-breadcrumbs-content":"","ast-featured-img":"disabled","footer-sml-layout":"","ast-disable-related-posts":"","theme-transparent-header-meta":"default","adv-header-id-meta":"","stick-header-meta":"default","header-above-stick-meta":"","header-main-stick-meta":"","header-below-stick-meta":"","astra-migrate-meta-layouts":"default","ast-page-background-enabled":"default","ast-page-background-meta":{"desktop":{"background-color":"","background-image":"","background-repeat":"repeat","background-position":"center center","background-size":"auto","background-attachment":"scroll","background-type":"","background-media":"","overlay-type":"","overlay-color":"","overlay-opacity":"","overlay-gradient":""},"tablet":{"background-color":"","background-image":"","background-repeat":"repeat","background-position":"center center","background-size":"auto","background-attachment":"scroll","background-type":"","background-media":"","overlay-type":"","overlay-color":"","overlay-opacity":"","overlay-gradient":""},"mobile":{"background-color":"","background-image":"","background-repeat":"repeat","background-position":"center center","background-size":"auto","background-attachment":"scroll","background-type":"","background-media":"","overlay-type":"","overlay-color":"","overlay-opacity":"","overlay-gradient":""}},"ast-content-background-meta":{"desktop":{"background-color":"var(--ast-global-color-5)","background-image":"","background-repeat":"repeat","background-position":"center center","background-size":"auto","background-attachment":"scroll","background-type":"","background-media":"","overlay-type":"","overlay-color":"","overlay-opacity":"","overlay-gradient":""},"tablet":{"background-color":"var(--ast-global-color-5)","background-image":"","background-repeat":"repeat","background-position":"center center","background-size":"auto","background-attachment":"scroll","background-type":"","background-media":"","overlay-type":"","overlay-color":"","overlay-opacity":"","overlay-gradient":""},"mobile":{"background-color":"var(--ast-global-color-5)","background-image":"","background-repeat":"repeat","background-position":"center center","background-size":"auto","background-attachment":"scroll","background-type":"","background-media":"","overlay-type":"","overlay-color":"","overlay-opacity":"","overlay-gradient":""}},"footnotes":""},"class_list":["post-50850","page","type-page","status-publish","hentry"],"_links":{"self":[{"href":"https:\/\/edu.oceanlegacy.ca\/fr\/wp-json\/wp\/v2\/pages\/50850","targetHints":{"allow":["GET"]}}],"collection":[{"href":"https:\/\/edu.oceanlegacy.ca\/fr\/wp-json\/wp\/v2\/pages"}],"about":[{"href":"https:\/\/edu.oceanlegacy.ca\/fr\/wp-json\/wp\/v2\/types\/page"}],"author":[{"embeddable":true,"href":"https:\/\/edu.oceanlegacy.ca\/fr\/wp-json\/wp\/v2\/users\/1"}],"replies":[{"embeddable":true,"href":"https:\/\/edu.oceanlegacy.ca\/fr\/wp-json\/wp\/v2\/comments?post=50850"}],"version-history":[{"count":0,"href":"https:\/\/edu.oceanlegacy.ca\/fr\/wp-json\/wp\/v2\/pages\/50850\/revisions"}],"wp:attachment":[{"href":"https:\/\/edu.oceanlegacy.ca\/fr\/wp-json\/wp\/v2\/media?parent=50850"}],"curies":[{"name":"wp","href":"https:\/\/api.w.org\/{rel}","templated":true}]}}